{"id":2328,"date":"2018-04-19T07:06:34","date_gmt":"2018-04-19T07:06:34","guid":{"rendered":"http:\/\/eganess.com\/team\/"},"modified":"2020-01-20T10:57:21","modified_gmt":"2020-01-20T09:57:21","slug":"team","status":"publish","type":"page","link":"https:\/\/eganess.com\/en\/team\/","title":{"rendered":"Team"},"content":{"rendered":"<p>[vc_row full_width=&#8221;stretch_row&#8221; default_id=&#8221;themesflat_1524121479&#8243;][vc_column]\n\t\t<div class=\"themesflat-spacer \" data-desktop=\"7\" data-mobile=\"0\" data-smobile=\"0\">\t\t\t\n\t\t<\/div><div class=\"title-section center  center \">\n\t\t\n\t\t\t<div class=\"top-title\">\n\t\t\t\tMeet The Team\n\t\t\t<\/div>\n\t\t<h2 class=\"title\" style=\"\n\t\t\tfont-size: 35px;\n\t\t\tfont-weight: 400;\n\t\t\tline-height: 49px;\n\t\t\tcolor: #111111;\n\t\t\tmargin-bottom: 2px;\n\t\t\tletter-spacing: 0px;\n\t\t\">\n\t\t\t We accompany you in your transformation and growth\n\t\t<\/h2>\t\n\t\t<div class=\"title-line\"><\/div>\t\t\t\n\t\t\n\n\t<\/div>\n\t\t<div class=\"themesflat-spacer \" data-desktop=\"38\" data-mobile=\"30\" data-smobile=\"25\">\t\t\t\n\t\t<\/div>[vc_row_inner][vc_column_inner width=&#8221;1\/3&#8243;]\n\t\t\t<div class=\"themesflat-team  grid-style1  has-image themesflat-hover left\">\n\t\t\t\t\n\t\t\t<div class=\"team-image item-hover\">\t\t\t\t\n\t\t\t\t<img width=\"450\" height=\"450\" src=\"https:\/\/eganess.com\/wp-content\/uploads\/2018\/07\/DOLO-copia-1.jpg\" class=\"attachment-full\" alt=\"\" loading=\"lazy\" \/>\t\t\t\t\n\t\t\t<\/div>\n\t\t\t\t\t\n\t\t\t\t<div class=\"team-info center unset\">\n\t\t\t\t\t<div class=\"box-info\">\t\n\t\t\t\t\t<h4 class=\"team-name\"><a href=\"\" title=\"\">M\u00aa Dolores Sarrion<\/a><\/h4>\n\t\t\t\t\t<div class=\"team-position\">Founding Member<\/div>\n\t\t\t\t\t<\/div>\n\t\t\t\t\t\n\t\t\t\t\t<div class=\"team-desc\">Executive coach and change management practitioner. Previous experience as director of human resources in American multinational corporations and IBEX companies.<\/div>\n\t\t\t\t\t\n\t\t\t\t\t<div class=\"box-social-links center\"><div class=\"social-links\"><span><\/span> <a href=\"https:\/\/www.linkedin.com\/in\/dolores-sarrion-a4116a1\/\" data-title=\"likedin\" class=\"likedin\"><i class=\"fa fa-linkedin\"><\/i><\/a><\/div> <\/div>\n\t\t\t\t<\/div>\n\t\t\t<\/div>\n\t\t\n\t\t<div class=\"themesflat-spacer \" data-desktop=\"30\" data-mobile=\"40\" data-smobile=\"40\">\t\t\t\n\t\t<\/div>\n\t\t\t<div class=\"themesflat-team  grid-style1  has-image themesflat-hover left\">\n\t\t\t\t\n\t\t\t<div class=\"team-image item-hover\">\t\t\t\t\n\t\t\t\t<img width=\"800\" height=\"800\" src=\"https:\/\/eganess.com\/wp-content\/uploads\/2019\/09\/0.jpg\" class=\"attachment-full\" alt=\"\" loading=\"lazy\" \/>\t\t\t\t\n\t\t\t<\/div>\n\t\t\t\t\t\n\t\t\t\t<div class=\"team-info center unset\">\n\t\t\t\t\t<div class=\"box-info\">\t\n\t\t\t\t\t<h4 class=\"team-name\"><a href=\"\" title=\"\">Bel\u00e9n Ort\u00edn<\/a><\/h4>\n\t\t\t\t\t<div class=\"team-position\">Coach\/ Change Managemente Consultant<\/div>\n\t\t\t\t\t<\/div>\n\t\t\t\t\t\n\t\t\t\t\t<div class=\"team-desc\"><\/p>\n<p class=\"p1\"><span class=\"s1\">Executive and team coach, with previous experience in the international financial sector.<\/span><\/p>\n<p><\/div>\n\t\t\t\t\t\n\t\t\t\t\t<div class=\"box-social-links center\"><div class=\"social-links\"><span><\/span> <a href=\"https:\/\/www.linkedin.com\/in\/bel\u00e9n-ort\u00edn-fern\u00e1ndez-ord\u00e1s-4810b015b\/\" data-title=\"likedin\" class=\"likedin\"><i class=\"fa fa-linkedin\"><\/i><\/a><\/div> <\/div>\n\t\t\t\t<\/div>\n\t\t\t<\/div>\n\t\t\n\t\t<div class=\"themesflat-spacer \" data-desktop=\"30\" data-mobile=\"40\" data-smobile=\"40\">\t\t\t\n\t\t<\/div>\n\t\t\t<div class=\"themesflat-team  grid-style1  has-image themesflat-hover left\">\n\t\t\t\t\n\t\t\t<div class=\"team-image item-hover\">\t\t\t\t\n\t\t\t\t<img width=\"450\" height=\"450\" src=\"https:\/\/eganess.com\/wp-content\/uploads\/2018\/06\/ROCIO-1.jpg\" class=\"attachment-full\" alt=\"\" loading=\"lazy\" \/>\t\t\t\t\n\t\t\t<\/div>\n\t\t\t\t\t\n\t\t\t\t<div class=\"team-info center unset\">\n\t\t\t\t\t<div class=\"box-info\">\t\n\t\t\t\t\t<h4 class=\"team-name\"><a href=\"\" title=\"\">Roc\u00edo Mar\u00edn<\/a><\/h4>\n\t\t\t\t\t<div class=\"team-position\">Personal Transformation Consultant<\/div>\n\t\t\t\t\t<\/div>\n\t\t\t\t\t\n\t\t\t\t\t<div class=\"team-desc\">Executive coach and psychologist with previous experience in multinational corporations in human resources positions.<\/div>\n\t\t\t\t\t\n\t\t\t\t\t<div class=\"box-social-links center\"><div class=\"social-links\"><span><\/span> <a href=\"https:\/\/www.linkedin.com\/in\/rocio-m-0756b2b\/\" data-title=\"likedin\" class=\"likedin\"><i class=\"fa fa-linkedin\"><\/i><\/a><\/div> <\/div>\n\t\t\t\t<\/div>\n\t\t\t<\/div>\n\t\t\n\t\t<div class=\"themesflat-spacer \" data-desktop=\"0\" data-mobile=\"40\" data-smobile=\"40\">\t\t\t\n\t\t<\/div>[\/vc_column_inner][vc_column_inner width=&#8221;1\/3&#8243;]\n\t\t\t<div class=\"themesflat-team  grid-style1  has-image themesflat-hover left\">\n\t\t\t\t\n\t\t\t<div class=\"team-image item-hover\">\t\t\t\t\n\t\t\t\t<img width=\"360\" height=\"362\" src=\"https:\/\/eganess.com\/wp-content\/uploads\/2019\/09\/susana.png\" class=\"attachment-full\" alt=\"\" loading=\"lazy\" \/>\t\t\t\t\n\t\t\t<\/div>\n\t\t\t\t\t\n\t\t\t\t<div class=\"team-info center unset\">\n\t\t\t\t\t<div class=\"box-info\">\t\n\t\t\t\t\t<h4 class=\"team-name\"><a href=\"\" title=\"\">Susana Mart\u00ednez<\/a><\/h4>\n\t\t\t\t\t<div class=\"team-position\">Coach \/ Personal Transformation Consultant<\/div>\n\t\t\t\t\t<\/div>\n\t\t\t\t\t\n\t\t\t\t\t<div class=\"team-desc\"><\/p>\n<p class=\"p1\"><span class=\"s1\">Leadership and Career Coach with previous experience in the investment banking, consulting and coaching sectors in London, Madrid and Paris.<\/span><\/p>\n<p><\/div>\n\t\t\t\t\t\n\t\t\t\t\t<div class=\"box-social-links center\"><div class=\"social-links\"><span><\/span> <a href=\"https:\/\/www.linkedin.com\/in\/susana-martinez-denia\/\" data-title=\"likedin\" class=\"likedin\"><i class=\"fa fa-linkedin\"><\/i><\/a><\/div> <\/div>\n\t\t\t\t<\/div>\n\t\t\t<\/div>\n\t\t\n\t\t<div class=\"themesflat-spacer \" data-desktop=\"30\" data-mobile=\"40\" data-smobile=\"40\">\t\t\t\n\t\t<\/div>\n\t\t\t<div class=\"themesflat-team  grid-style1  has-image themesflat-hover left\">\n\t\t\t\t\n\t\t\t<div class=\"team-image item-hover\">\t\t\t\t\n\t\t\t\t<img width=\"450\" height=\"450\" src=\"https:\/\/eganess.com\/wp-content\/uploads\/2018\/06\/0-1.jpg\" class=\"attachment-full\" alt=\"\" loading=\"lazy\" \/>\t\t\t\t\n\t\t\t<\/div>\n\t\t\t\t\t\n\t\t\t\t<div class=\"team-info center unset\">\n\t\t\t\t\t<div class=\"box-info\">\t\n\t\t\t\t\t<h4 class=\"team-name\"><a href=\"\" title=\"\">M\u00f3nica D\u00edaz<\/a><\/h4>\n\t\t\t\t\t<div class=\"team-position\">Change Management Consultant<\/div>\n\t\t\t\t\t<\/div>\n\t\t\t\t\t\n\t\t\t\t\t<div class=\"team-desc\"><\/p>\n<div class=\"page\" title=\"Page 1\">\n<div class=\"section\">\n<div class=\"layoutArea\">\n<div class=\"column\">\n<p>Executive coach and strategic projects consultant, with previous experience in multinational companies in the telecommunications sector.<\/p>\n<\/div>\n<\/div>\n<\/div>\n<\/div>\n<p><\/div>\n\t\t\t\t\t\n\t\t\t\t\t<div class=\"box-social-links center\"><div class=\"social-links\"><span><\/span> <a href=\"https:\/\/www.linkedin.com\/in\/monicadiazfernandez\/\" data-title=\"likedin\" class=\"likedin\"><i class=\"fa fa-linkedin\"><\/i><\/a><\/div> <\/div>\n\t\t\t\t<\/div>\n\t\t\t<\/div>\n\t\t\n\t\t<div class=\"themesflat-spacer \" data-desktop=\"30\" data-mobile=\"40\" data-smobile=\"40\">\t\t\t\n\t\t<\/div>\n\t\t\t<div class=\"themesflat-team  grid-style1  has-image themesflat-hover left\">\n\t\t\t\t\n\t\t\t<div class=\"team-image item-hover\">\t\t\t\t\n\t\t\t\t<img width=\"450\" height=\"450\" src=\"https:\/\/eganess.com\/wp-content\/uploads\/2018\/06\/ANA.jpg\" class=\"attachment-full\" alt=\"\" loading=\"lazy\" \/>\t\t\t\t\n\t\t\t<\/div>\n\t\t\t\t\t\n\t\t\t\t<div class=\"team-info center unset\">\n\t\t\t\t\t<div class=\"box-info\">\t\n\t\t\t\t\t<h4 class=\"team-name\"><a href=\"\" title=\"\">Ana S\u00e1nchez<\/a><\/h4>\n\t\t\t\t\t<div class=\"team-position\">Change Management Consultant<\/div>\n\t\t\t\t\t<\/div>\n\t\t\t\t\t\n\t\t\t\t\t<div class=\"team-desc\"><\/p>\n<div class=\"gmail-team-desc\">More than 12 years\u2019 experience in change management and organisational development projects, nationally and internationally, for companies in various sectors.<\/div>\n<div class=\"gmail-team-desc\"><\/div>\n<p><\/div>\n\t\t\t\t\t\n\t\t\t\t\t<div class=\"box-social-links center\"><div class=\"social-links\"><span><\/span> <a href=\"https:\/\/www.linkedin.com\/in\/anaquijano\/\" data-title=\"likedin\" class=\"likedin\"><i class=\"fa fa-linkedin\"><\/i><\/a><\/div> <\/div>\n\t\t\t\t<\/div>\n\t\t\t<\/div>\n\t\t\n\t\t<div class=\"themesflat-spacer \" data-desktop=\"0\" data-mobile=\"40\" data-smobile=\"40\">\t\t\t\n\t\t<\/div>[\/vc_column_inner][vc_column_inner width=&#8221;1\/3&#8243;]\n\t\t\t<div class=\"themesflat-team  grid-style1  has-image themesflat-hover left\">\n\t\t\t\t\n\t\t\t<div class=\"team-image item-hover\">\t\t\t\t\n\t\t\t\t<img width=\"450\" height=\"450\" src=\"https:\/\/eganess.com\/wp-content\/uploads\/2018\/07\/DOLODDDD.png\" class=\"attachment-full\" alt=\"\" loading=\"lazy\" \/>\t\t\t\t\n\t\t\t<\/div>\n\t\t\t\t\t\n\t\t\t\t<div class=\"team-info center unset\">\n\t\t\t\t\t<div class=\"box-info\">\t\n\t\t\t\t\t<h4 class=\"team-name\"><a href=\"\" title=\"\">Mamen S\u00e1nchez - Qui\u00f1ones<\/a><\/h4>\n\t\t\t\t\t<div class=\"team-position\">Change Managemente Consultant<\/div>\n\t\t\t\t\t<\/div>\n\t\t\t\t\t\n\t\t\t\t\t<div class=\"team-desc\">Executive Coach. Specialist in Transformation Projects. 30 years\u2019 experience in multinational corporations; the last 17 of those in executive positions leading multidisciplinary and large teams.<\/div>\n\t\t\t\t\t\n\t\t\t\t\t<div class=\"box-social-links center\"><div class=\"social-links\"><span><\/span> <a href=\"https:\/\/www.linkedin.com\/in\/mamen-sanchez-qui%C3%B1ones-glez\/\" data-title=\"likedin\" class=\"likedin\"><i class=\"fa fa-linkedin\"><\/i><\/a><\/div> <\/div>\n\t\t\t\t<\/div>\n\t\t\t<\/div>\n\t\t\n\t\t<div class=\"themesflat-spacer \" data-desktop=\"30\" data-mobile=\"40\" data-smobile=\"40\">\t\t\t\n\t\t<\/div>\n\t\t\t<div class=\"themesflat-team  grid-style1  has-image themesflat-hover left\">\n\t\t\t\t\n\t\t\t<div class=\"team-image item-hover\">\t\t\t\t\n\t\t\t\t<img width=\"450\" height=\"450\" src=\"https:\/\/eganess.com\/wp-content\/uploads\/2018\/07\/SU.jpg\" class=\"attachment-full\" alt=\"\" loading=\"lazy\" \/>\t\t\t\t\n\t\t\t<\/div>\n\t\t\t\t\t\n\t\t\t\t<div class=\"team-info center unset\">\n\t\t\t\t\t<div class=\"box-info\">\t\n\t\t\t\t\t<h4 class=\"team-name\"><a href=\"\" title=\"\">Aniuzka Alejos<\/a><\/h4>\n\t\t\t\t\t<div class=\"team-position\">Personal Transformation Consultant<\/div>\n\t\t\t\t\t<\/div>\n\t\t\t\t\t\n\t\t\t\t\t<div class=\"team-desc\"><\/p>\n<div class=\"gmail-team-desc\">\n<div class=\"gmail-team-desc\">\n<div class=\"gmail-team-desc\">\n<div class=\"gmail-page\" title=\"Page 1\">\n<div class=\"gmail-section\">\n<div class=\"gmail-layoutArea\">\n<div class=\"gmail-column\">\n<div class=\"gmail-team-desc\">\n<div class=\"gmail-team-desc\">\n<div class=\"gmail-team-desc\">\n<div class=\"gmail-team-desc\">\n<div class=\"gmail-team-desc\">Executive and team coach, with previous experience in the management of commercial teams in multinational corporations in the industrial sector.<\/div>\n<\/div>\n<\/div>\n<\/div>\n<\/div>\n<\/div>\n<\/div>\n<\/div>\n<\/div>\n<\/div>\n<\/div>\n<\/div>\n<div><\/div>\n<p><\/div>\n\t\t\t\t\t\n\t\t\t\t\t<div class=\"box-social-links center\"><div class=\"social-links\"><span><\/span> <a href=\"https:\/\/www.linkedin.com\/in\/aniuzkaalejos\/\" data-title=\"likedin\" class=\"likedin\"><i class=\"fa fa-linkedin\"><\/i><\/a><\/div> <\/div>\n\t\t\t\t<\/div>\n\t\t\t<\/div>\n\t\t\n\t\t<div class=\"themesflat-spacer \" data-desktop=\"0\" data-mobile=\"40\" data-smobile=\"40\">\t\t\t\n\t\t<\/div>[\/vc_column_inner][\/vc_row_inner]\n\t\t<div class=\"themesflat-spacer \" data-desktop=\"90\" data-mobile=\"0\" data-smobile=\"0\">\t\t\t\n\t\t<\/div>[\/vc_column][\/vc_row]<\/p>\n","protected":false},"excerpt":{"rendered":"<p>[vc_row full_width=&#8221;stretch_row&#8221; default_id=&#8221;themesflat_1524121479&#8243;][vc_column][vc_row_inner][vc_column_inner width=&#8221;1\/3&#8243;][\/vc_column_inner][vc_column_inner width=&#8221;1\/3&#8243;][\/vc_column_inner][vc_column_inner width=&#8221;1\/3&#8243;][\/vc_column_inner][\/vc_row_inner][\/vc_column][\/vc_row]<\/p>\n","protected":false},"author":1,"featured_media":0,"parent":0,"menu_order":0,"comment_status":"closed","ping_status":"closed","template":"tpl\/page_fullwidth.php","meta":{"footnotes":""},"_links":{"self":[{"href":"https:\/\/eganess.com\/en\/wp-json\/wp\/v2\/pages\/2328"}],"collection":[{"href":"https:\/\/eganess.com\/en\/wp-json\/wp\/v2\/pages"}],"about":[{"href":"https:\/\/eganess.com\/en\/wp-json\/wp\/v2\/types\/page"}],"author":[{"embeddable":true,"href":"https:\/\/eganess.com\/en\/wp-json\/wp\/v2\/users\/1"}],"replies":[{"embeddable":true,"href":"https:\/\/eganess.com\/en\/wp-json\/wp\/v2\/comments?post=2328"}],"version-history":[{"count":9,"href":"https:\/\/eganess.com\/en\/wp-json\/wp\/v2\/pages\/2328\/revisions"}],"predecessor-version":[{"id":2894,"href":"https:\/\/eganess.com\/en\/wp-json\/wp\/v2\/pages\/2328\/revisions\/2894"}],"wp:attachment":[{"href":"https:\/\/eganess.com\/en\/wp-json\/wp\/v2\/media?parent=2328"}],"curies":[{"name":"wp","href":"https:\/\/api.w.org\/{rel}","templated":true}]}}