{"id":2237,"date":"2018-09-11T19:54:35","date_gmt":"2018-09-11T17:54:35","guid":{"rendered":"http:\/\/eganess.com\/marina-arroyo\/"},"modified":"2018-09-11T19:54:36","modified_gmt":"2018-09-11T17:54:36","slug":"marina-arroyo","status":"publish","type":"page","link":"https:\/\/eganess.com\/en\/team\/marina-arroyo\/","title":{"rendered":"Marina Arroyo"},"content":{"rendered":"<p>[vc_row][vc_column]\n\t\t<div class=\"themesflat-team  detail-style  has-image themesflat-hover left\">\n\t\t\t\n\t\t\t<div class=\"team-image item-hover\">\t\t\t\t\n\t\t\t\t<img width=\"450\" height=\"450\" src=\"https:\/\/eganess.com\/wp-content\/uploads\/2018\/06\/MARINA.jpg\" class=\"attachment-full\" alt=\"\" loading=\"lazy\" \/>\t\t\t\t\n\t\t\t<\/div>\n\t\t\t\t\t\n\t\t\t<div class=\"team-info default unset\">\n\t\t\t\t<div class=\"box-info\">\t\n\t\t\t\t<div class=\"team-position\">Gesti\u00f3n del Cambio<\/div>\n\t\t\t\t<h4 class=\"team-name\"><a href=\"\" title=\"\">Marina Arroyo<\/a><\/h4>\n\t\t\t\t<\/div>\n\t\t\t\t\n\t\t\t\t\n\t\t\t\t<div class=\"team-desc\">Marina Arroyo es formadora y coach ejecutiva, especializada en gesti\u00f3n del cambio, desarrollo de liderazgo personal y de equipos, as\u00ed como en resiliencia. Adem\u00e1s, Marina es profesora en diferentes Escuelas de Negocio (ESIC, EADA, Postgrado en Universidad CEU San Pablo\u2026).<\/div>\n\t\t\t\t<div class=\"box-social-links default\"> <\/div>\n\t\t\t<\/div>\n\t\t<\/div>\n\t[\/vc_column][\/vc_row][vc_row default_id=&#8221;themesflat_1525661778&#8243;][vc_column]\n\t\t<div class=\"themesflat-spacer \" data-desktop=\"44\" data-mobile=\"40\" data-smobile=\"30\">\t\t\t\n\t\t<\/div>[vc_row_inner][vc_column_inner width=&#8221;1\/2&#8243;]<div class=\"title-section   left \">\n\t\t\n\t\t<h2 class=\"title\" style=\"\n\t\t\tfont-size: 20px;\n\t\t\tfont-weight: 500;\n\t\t\tline-height: 32px;\n\t\t\tcolor: #111111;\n\t\t\tmargin-bottom: 2px;\n\t\t\tletter-spacing: 0px;\n\t\t\">\n\t\t\tExperiencia Profesional\n\t\t<\/h2>\t\n\t\t<div class=\"title-line\"><\/div>\t\t\t\n\t\t\n\n\t<\/div>[vc_column_text]<\/p>\n<ul class=\"primary-list\">\n<li>Change Management Consultant and ATP<\/li>\n<li>Executive coach and trainer in personal and team leadership development. Previous experience in consumer goods multinational corporations in marketing and sales positions.<\/li>\n<\/ul>\n<p>[\/vc_column_text]\n\t\t<div class=\"themesflat-spacer \" data-desktop=\"0\" data-mobile=\"30\" data-smobile=\"30\">\t\t\t\n\t\t<\/div>[\/vc_column_inner][vc_column_inner width=&#8221;1\/2&#8243;]<div class=\"title-section   left \">\n\t\t\n\t\t<h2 class=\"title\" style=\"\n\t\t\tfont-size: 20px;\n\t\t\tfont-weight: 500;\n\t\t\tline-height: 32px;\n\t\t\tcolor: #111111;\n\t\t\tmargin-bottom: 2px;\n\t\t\tletter-spacing: 0px;\n\t\t\">\n\t\t\tHabilidades\n\t\t<\/h2>\t\n\t\t<div class=\"title-line\"><\/div>\t\t\t\n\t\t\n\n\t<\/div>\n\t\t<div class=\"progress-item themesflat_progressbar  \">\n\t\t\t\t<div class=\"title\">Trade Marketing<\/div>\n\t\t\t<div class=\"perc\">\n\t\t\t\t<span>100%<\/span>\n\t\t\t<\/div>\n\t\t\t<div class=\"progres-bar\" style=\"height : 5px; border-radius: 5px\" data-percent=\"100\" data-waypoint-active=\"yes\">\n\t\t\t\t<div class=\"progress-animate\" style=\"height: 5px\" data-duration=\"3000\"><\/div>\n\t\t\t<\/div>\n\t\t<\/div>\n\t\t<div class=\"progress-item themesflat_progressbar  \">\n\t\t\t\t<div class=\"title\">Coaching Ejecutivo<\/div>\n\t\t\t<div class=\"perc\">\n\t\t\t\t<span>100%<\/span>\n\t\t\t<\/div>\n\t\t\t<div class=\"progres-bar\" style=\"height : 5px; border-radius: 5px\" data-percent=\"100\" data-waypoint-active=\"yes\">\n\t\t\t\t<div class=\"progress-animate\" style=\"height: 5px\" data-duration=\"3000\"><\/div>\n\t\t\t<\/div>\n\t\t<\/div>\n\t\t<div class=\"progress-item themesflat_progressbar  \">\n\t\t\t\t<div class=\"title\">Coaching de liderazgo<\/div>\n\t\t\t<div class=\"perc\">\n\t\t\t\t<span>100%<\/span>\n\t\t\t<\/div>\n\t\t\t<div class=\"progres-bar\" style=\"height : 5px; border-radius: 5px\" data-percent=\"100\" data-waypoint-active=\"yes\">\n\t\t\t\t<div class=\"progress-animate\" style=\"height: 5px\" data-duration=\"3000\"><\/div>\n\t\t\t<\/div>\n\t\t<\/div>\n\t\t<div class=\"progress-item themesflat_progressbar  \">\n\t\t\t\t<div class=\"title\">Gesti\u00f3n del cambio<\/div>\n\t\t\t<div class=\"perc\">\n\t\t\t\t<span>100%<\/span>\n\t\t\t<\/div>\n\t\t\t<div class=\"progres-bar\" style=\"height : 5px; border-radius: 5px\" data-percent=\"100\" data-waypoint-active=\"yes\">\n\t\t\t\t<div class=\"progress-animate\" style=\"height: 5px\" data-duration=\"3000\"><\/div>\n\t\t\t<\/div>\n\t\t<\/div>[\/vc_column_inner][\/vc_row_inner]\n\t\t<div class=\"themesflat-spacer \" data-desktop=\"90\" data-mobile=\"40\" data-smobile=\"30\">\t\t\t\n\t\t<\/div>[\/vc_column][\/vc_row]<\/p>\n","protected":false},"excerpt":{"rendered":"<p>[vc_row][vc_column][\/vc_column][\/vc_row][vc_row default_id=&#8221;themesflat_1525661778&#8243;][vc_column][vc_row_inner][vc_column_inner width=&#8221;1\/2&#8243;][vc_column_text] Change Management Consultant and ATP Executive coach and trainer in personal and team leadership development. Previous experience in consumer goods multinational corporations in marketing and sales positions. [\/vc_column_text][\/vc_column_inner][vc_column_inner width=&#8221;1\/2&#8243;][\/vc_column_inner][\/vc_row_inner][\/vc_column][\/vc_row]<\/p>\n","protected":false},"author":1,"featured_media":0,"parent":2328,"menu_order":0,"comment_status":"closed","ping_status":"closed","template":"tpl\/page_fullwidth.php","meta":{"footnotes":""},"_links":{"self":[{"href":"https:\/\/eganess.com\/en\/wp-json\/wp\/v2\/pages\/2237"}],"collection":[{"href":"https:\/\/eganess.com\/en\/wp-json\/wp\/v2\/pages"}],"about":[{"href":"https:\/\/eganess.com\/en\/wp-json\/wp\/v2\/types\/page"}],"author":[{"embeddable":true,"href":"https:\/\/eganess.com\/en\/wp-json\/wp\/v2\/users\/1"}],"replies":[{"embeddable":true,"href":"https:\/\/eganess.com\/en\/wp-json\/wp\/v2\/comments?post=2237"}],"version-history":[{"count":1,"href":"https:\/\/eganess.com\/en\/wp-json\/wp\/v2\/pages\/2237\/revisions"}],"predecessor-version":[{"id":2240,"href":"https:\/\/eganess.com\/en\/wp-json\/wp\/v2\/pages\/2237\/revisions\/2240"}],"up":[{"embeddable":true,"href":"https:\/\/eganess.com\/en\/wp-json\/wp\/v2\/pages\/2328"}],"wp:attachment":[{"href":"https:\/\/eganess.com\/en\/wp-json\/wp\/v2\/media?parent=2237"}],"curies":[{"name":"wp","href":"https:\/\/api.w.org\/{rel}","templated":true}]}}